{"id":43,"date":"2016-03-26T21:16:53","date_gmt":"2016-03-26T20:16:53","guid":{"rendered":"http:\/\/www.libroart.de\/lindabroszeit\/?page_id=43"},"modified":"2016-03-30T12:48:34","modified_gmt":"2016-03-30T10:48:34","slug":"kleine-fluchten","status":"publish","type":"page","link":"https:\/\/www.libroart.de\/lindabroszeit\/kleine-fluchten\/","title":{"rendered":"Kontakt"},"content":{"rendered":"<p>Bitte dieses Formular ausf\u00fcllen, wenn Interesse am Zusenden meiner neusten Beitr\u00e4ge via Mail besteht, Fragen auftauchen oder Anmerkungen gemacht werden m\u00f6chten.<\/p>\n<p>[contact-form-7 id=&#8220;91&#8243; title=&#8220;Kontaktformular 1&#8243;]<\/p>\n","protected":false},"excerpt":{"rendered":"<p>Bitte dieses Formular ausf\u00fcllen, wenn Interesse am Zusenden meiner neusten Beitr\u00e4ge via Mail besteht, Fragen auftauchen oder Anmerkungen gemacht werden m\u00f6chten. [contact-form-7 id=&#8220;91&#8243; title=&#8220;Kontaktformular 1&#8243;]<\/p>\n","protected":false},"author":1,"featured_media":0,"parent":0,"menu_order":0,"comment_status":"closed","ping_status":"closed","template":"","meta":{"ngg_post_thumbnail":0,"footnotes":""},"class_list":["post-43","page","type-page","status-publish","hentry"],"aioseo_notices":[],"_links":{"self":[{"href":"https:\/\/www.libroart.de\/lindabroszeit\/wp-json\/wp\/v2\/pages\/43","targetHints":{"allow":["GET"]}}],"collection":[{"href":"https:\/\/www.libroart.de\/lindabroszeit\/wp-json\/wp\/v2\/pages"}],"about":[{"href":"https:\/\/www.libroart.de\/lindabroszeit\/wp-json\/wp\/v2\/types\/page"}],"author":[{"embeddable":true,"href":"https:\/\/www.libroart.de\/lindabroszeit\/wp-json\/wp\/v2\/users\/1"}],"replies":[{"embeddable":true,"href":"https:\/\/www.libroart.de\/lindabroszeit\/wp-json\/wp\/v2\/comments?post=43"}],"version-history":[{"count":9,"href":"https:\/\/www.libroart.de\/lindabroszeit\/wp-json\/wp\/v2\/pages\/43\/revisions"}],"predecessor-version":[{"id":154,"href":"https:\/\/www.libroart.de\/lindabroszeit\/wp-json\/wp\/v2\/pages\/43\/revisions\/154"}],"wp:attachment":[{"href":"https:\/\/www.libroart.de\/lindabroszeit\/wp-json\/wp\/v2\/media?parent=43"}],"curies":[{"name":"wp","href":"https:\/\/api.w.org\/{rel}","templated":true}]}}