{"id":22,"date":"2016-03-25T19:40:24","date_gmt":"2016-03-25T18:40:24","guid":{"rendered":"http:\/\/www.libroart.de\/lindabroszeit\/?page_id=22"},"modified":"2024-12-27T17:22:26","modified_gmt":"2024-12-27T16:22:26","slug":"langeweile-gilt-nicht","status":"publish","type":"page","link":"https:\/\/www.libroart.de\/lindabroszeit\/","title":{"rendered":"Langeweile gilt nicht"},"content":{"rendered":"<p>\/<img loading=\"lazy\" decoding=\"async\" class=\"alignnone  wp-image-28414\" src=\"https:\/\/www.libroart.de\/lindabroszeit\/wp-content\/uploads\/2024\/12\/6A790132-209C-4048-984D-D8021641FC11.jpeg\" alt=\"\" width=\"259\" height=\"334\" srcset=\"https:\/\/www.libroart.de\/lindabroszeit\/wp-content\/uploads\/2024\/12\/6A790132-209C-4048-984D-D8021641FC11.jpeg 597w, https:\/\/www.libroart.de\/lindabroszeit\/wp-content\/uploads\/2024\/12\/6A790132-209C-4048-984D-D8021641FC11-233x300.jpeg 233w\" sizes=\"auto, (max-width: 259px) 85vw, 259px\" \/><\/p>\n<p style=\"padding-left: 30px;\">Hallo! Moin, moin! Wie isset?<\/p>\n<p style=\"padding-left: 30px;\">Wen vieles interessiert, wer oft etwas ausprobiert und\/oder gerne liest, fotografiert oder gerne drau\u00dfen ist, der ist hier genau richtig! Ich w\u00fcrde mich freuen, wenn mein Blog beim Lesen Spa\u00df macht und Ihnen neue Anregungen gibt. Jede Woche gibt es mindestens einen neuen Beitrag, oft sind es aber auch mehrere Eintr\u00e4ge.<\/p>\n<p>&nbsp;<\/p>\n<p style=\"padding-left: 30px;\">&nbsp;<\/p>\n","protected":false},"excerpt":{"rendered":"<p>\/ Hallo! Moin, moin! Wie isset? Wen vieles interessiert, wer oft etwas ausprobiert und\/oder gerne liest, fotografiert oder gerne drau\u00dfen ist, der ist hier genau richtig! Ich w\u00fcrde mich freuen, wenn mein Blog beim Lesen Spa\u00df macht und Ihnen neue Anregungen gibt. Jede Woche gibt es mindestens einen neuen Beitrag, oft sind es aber auch &hellip; <a href=\"https:\/\/www.libroart.de\/lindabroszeit\/\" class=\"more-link\"><span class=\"screen-reader-text\">\u201eLangeweile gilt nicht\u201c<\/span> weiterlesen<\/a><\/p>\n","protected":false},"author":1,"featured_media":0,"parent":0,"menu_order":0,"comment_status":"closed","ping_status":"closed","template":"","meta":{"ngg_post_thumbnail":0,"footnotes":""},"class_list":["post-22","page","type-page","status-publish","hentry"],"aioseo_notices":[],"_links":{"self":[{"href":"https:\/\/www.libroart.de\/lindabroszeit\/wp-json\/wp\/v2\/pages\/22","targetHints":{"allow":["GET"]}}],"collection":[{"href":"https:\/\/www.libroart.de\/lindabroszeit\/wp-json\/wp\/v2\/pages"}],"about":[{"href":"https:\/\/www.libroart.de\/lindabroszeit\/wp-json\/wp\/v2\/types\/page"}],"author":[{"embeddable":true,"href":"https:\/\/www.libroart.de\/lindabroszeit\/wp-json\/wp\/v2\/users\/1"}],"replies":[{"embeddable":true,"href":"https:\/\/www.libroart.de\/lindabroszeit\/wp-json\/wp\/v2\/comments?post=22"}],"version-history":[{"count":28,"href":"https:\/\/www.libroart.de\/lindabroszeit\/wp-json\/wp\/v2\/pages\/22\/revisions"}],"predecessor-version":[{"id":28417,"href":"https:\/\/www.libroart.de\/lindabroszeit\/wp-json\/wp\/v2\/pages\/22\/revisions\/28417"}],"wp:attachment":[{"href":"https:\/\/www.libroart.de\/lindabroszeit\/wp-json\/wp\/v2\/media?parent=22"}],"curies":[{"name":"wp","href":"https:\/\/api.w.org\/{rel}","templated":true}]}}